 



 
 



 
{"id":405,"date":"2014-09-29T12:26:32","date_gmt":"2014-09-29T10:26:32","guid":{"rendered":"http:\/\/www.commercial-service.com\/?page_id=405"},"modified":"2014-09-29T12:27:28","modified_gmt":"2014-09-29T10:27:28","slug":"timbri-personalizzati","status":"publish","type":"page","link":"http:\/\/www.commercial-service.com\/?page_id=405","title":{"rendered":"Timbri personalizzati"},"content":{"rendered":"<p><b>Timbri personalizzati<\/b><\/p>\n<p>Sistema professionale per la creazione di timbri personalizzati. Realizziamo timbri completi di testo, firme, foto e logo. \u00c8 possibile scegliere tra diverse dimensioni di timbro. La qualit\u00e0 dei timbri \u00e8 assicurata grazie all\u2019alta risoluzione di 600 dpi e alla semplice e pulita preinchiostrazione.<\/p>\n<p>Potrai avere il tuo timbro personalizzato in pochi minuti!!!<\/p>\n<p>&nbsp;<\/p>\n<div>\n<dl id=\"attachment_402\">\n<dt><a href=\"http:\/\/www.commercial-service.com\/wp-content\/uploads\/2014\/09\/Macchina-Timbri-Brother.jpg\"><img loading=\"lazy\" decoding=\"async\" alt=\"Realizzazione timbri personalizzati in pochi minuti\" src=\"http:\/\/www.commercial-service.com\/wp-content\/uploads\/2014\/09\/Macchina-Timbri-Brother-300x300.jpg\" width=\"300\" height=\"300\" \/><\/a><\/dt>\n<dd>Realizzazione timbri personalizzati in pochi minuti<\/dd>\n<\/dl>\n<\/div>\n<p>&nbsp;<\/p>\n<div>\n<dl id=\"attachment_401\">\n<dt><a href=\"http:\/\/www.commercial-service.com\/wp-content\/uploads\/2014\/09\/Timbro-Brother.jpg\"><img loading=\"lazy\" decoding=\"async\" alt=\"Timbri autoinchiostranti\" src=\"http:\/\/www.commercial-service.com\/wp-content\/uploads\/2014\/09\/Timbro-Brother-300x300.jpg\" width=\"300\" height=\"300\" \/><\/a><\/dt>\n<dd>Timbri autoinchiostranti<\/dd>\n<\/dl>\n<\/div>\n<div>\u00a0<\/div>\n<ul>\n<li>\u00a0<a href=\"http:\/\/www.commercial-service.com\/?page_id=44 \"><strong>RICHIEDI UN PREVENTIVO GRATUITO<\/strong><\/a><\/li>\n<\/ul>\n","protected":false},"excerpt":{"rendered":"<p>Timbri personalizzati Sistema professionale per la creazione di timbri personalizzati. Realizziamo timbri completi di testo, firme, foto e logo. \u00c8 possibile scegliere tra diverse dimensioni di timbro. La qualit\u00e0 dei timbri \u00e8 assicurata grazie all\u2019alta risoluzione di 600 dpi e alla semplice e pulita preinchiostrazione. Potrai avere il tuo timbro personalizzato in pochi minuti!!! &nbsp; [&hellip;]<\/p>\n","protected":false},"author":2,"featured_media":0,"parent":0,"menu_order":0,"comment_status":"open","ping_status":"open","template":"","meta":{"footnotes":""},"class_list":["post-405","page","type-page","status-publish","hentry"],"_links":{"self":[{"href":"http:\/\/www.commercial-service.com\/index.php?rest_route=\/wp\/v2\/pages\/405","targetHints":{"allow":["GET"]}}],"collection":[{"href":"http:\/\/www.commercial-service.com\/index.php?rest_route=\/wp\/v2\/pages"}],"about":[{"href":"http:\/\/www.commercial-service.com\/index.php?rest_route=\/wp\/v2\/types\/page"}],"author":[{"embeddable":true,"href":"http:\/\/www.commercial-service.com\/index.php?rest_route=\/wp\/v2\/users\/2"}],"replies":[{"embeddable":true,"href":"http:\/\/www.commercial-service.com\/index.php?rest_route=%2Fwp%2Fv2%2Fcomments&post=405"}],"version-history":[{"count":2,"href":"http:\/\/www.commercial-service.com\/index.php?rest_route=\/wp\/v2\/pages\/405\/revisions"}],"predecessor-version":[{"id":407,"href":"http:\/\/www.commercial-service.com\/index.php?rest_route=\/wp\/v2\/pages\/405\/revisions\/407"}],"wp:attachment":[{"href":"http:\/\/www.commercial-service.com\/index.php?rest_route=%2Fwp%2Fv2%2Fmedia&parent=405"}],"curies":[{"name":"wp","href":"https:\/\/api.w.org\/{rel}","templated":true}]}}