 



 
 



 
{"id":40,"date":"2013-11-07T10:19:21","date_gmt":"2013-11-07T09:19:21","guid":{"rendered":"http:\/\/localhost\/cs\/?page_id=40"},"modified":"2013-12-10T12:20:16","modified_gmt":"2013-12-10T11:20:16","slug":"abbonamento-fotocopie","status":"publish","type":"page","link":"http:\/\/www.commercial-service.com\/?page_id=40","title":{"rendered":"Abbonamento fotocopie"},"content":{"rendered":"<p><strong><span style=\"text-decoration: underline;\">ABBONAMENTI FOTOCOPIE SELF-SERVICE<\/span><\/strong><br \/>\nServizio fotocopie B\/N self\/service per gli studenti, docenti e professionisti<\/p>\n<p>\u00a0\u00a0\u00a0\u00a0\u00a0\u00a0\u00a0<a href=\"http:\/\/www.commercial-service.com\/wp-content\/uploads\/2013\/11\/Abbonamento-fotocopie_01-e-02.jpg\"><img loading=\"lazy\" decoding=\"async\" class=\"alignnone  wp-image-166\" alt=\"Abbonamento fotocopie_01 e 02\" src=\"http:\/\/www.commercial-service.com\/wp-content\/uploads\/2013\/11\/Abbonamento-fotocopie_01-e-02.jpg\" width=\"540\" height=\"400\" srcset=\"http:\/\/www.commercial-service.com\/wp-content\/uploads\/2013\/11\/Abbonamento-fotocopie_01-e-02.jpg 900w, http:\/\/www.commercial-service.com\/wp-content\/uploads\/2013\/11\/Abbonamento-fotocopie_01-e-02-300x222.jpg 300w\" sizes=\"auto, (max-width: 540px) 100vw, 540px\" \/><\/a>\u00a0\u00a0\u00a0\u00a0\u00a0\u00a0\u00a0\u00a0\u00a0\u00a0\u00a0\u00a0\u00a0\u00a0\u00a0\u00a0\u00a0\u00a0\u00a0\u00a0\u00a0\u00a0\u00a0\u00a0\u00a0\u00a0\u00a0\u00a0\u00a0<\/p>\n<p>\u00a0Abbonamento prepagato per fotocopie self\/service:<\/p>\n<ul>\n<li><strong>abbonamenti fotocopie valevoli due anni da 500 &#8211; 1.000 &#8211; 2.000 &#8211; 3.000 &#8211; 5.000 fotocopie<\/strong><\/li>\n<li><span style=\"text-decoration: underline;\"><strong>l&#8217;abbonamento non \u00e8 personale!<\/strong><\/span><\/li>\n<\/ul>\n<p>&nbsp;<\/p>\n<p><strong><span style=\"text-decoration: underline;\">CARTA FEDELT\u00c0<\/span><\/strong><\/p>\n<p><strong>Carta fedelt\u00e0<\/strong> <strong>valevole 1 anno.<\/strong><\/p>\n<p>La carta fedelt\u00e0, ideale per gli studenti, ti permetter\u00e0 di avere per un anno:<\/p>\n<ul>\n<li><strong>prezzi agevolati per fotocopie b\/n self-service;<\/strong><\/li>\n<li><strong>lo sconto del 10% su stampe b\/n;<\/strong><\/li>\n<li><strong>lo sconto del 10% su stampa e rilegatura tesi di laurea;<\/strong><\/li>\n<li><span style=\"text-decoration: underline;\"><strong>la CARTA FEDELTA&#8217; \u00e8 personale!<\/strong><\/span><\/li>\n<\/ul>\n<p><a href=\"http:\/\/www.commercial-service.com\/wp-content\/uploads\/2013\/11\/Carta-fedelt\u00e0.jpg\"><img loading=\"lazy\" decoding=\"async\" class=\"alignnone size-full wp-image-167\" alt=\"Carta fedelt\u00e0\" src=\"http:\/\/www.commercial-service.com\/wp-content\/uploads\/2013\/11\/Carta-fedelt\u00e0.jpg\" width=\"464\" height=\"323\" \/><\/a><\/p>\n","protected":false},"excerpt":{"rendered":"<p>ABBONAMENTI FOTOCOPIE SELF-SERVICE Servizio fotocopie B\/N self\/service per gli studenti, docenti e professionisti \u00a0\u00a0\u00a0\u00a0\u00a0\u00a0\u00a0\u00a0\u00a0\u00a0\u00a0\u00a0\u00a0\u00a0\u00a0\u00a0\u00a0\u00a0\u00a0\u00a0\u00a0\u00a0\u00a0\u00a0\u00a0\u00a0\u00a0\u00a0\u00a0\u00a0\u00a0\u00a0\u00a0\u00a0\u00a0\u00a0 \u00a0Abbonamento prepagato per fotocopie self\/service: abbonamenti fotocopie valevoli due anni da 500 &#8211; 1.000 &#8211; 2.000 &#8211; 3.000 &#8211; 5.000 fotocopie l&#8217;abbonamento non \u00e8 personale! &nbsp; CARTA FEDELT\u00c0 Carta fedelt\u00e0 valevole 1 anno. La carta fedelt\u00e0, ideale per gli studenti, ti [&hellip;]<\/p>\n","protected":false},"author":3,"featured_media":0,"parent":0,"menu_order":0,"comment_status":"open","ping_status":"open","template":"","meta":{"footnotes":""},"class_list":["post-40","page","type-page","status-publish","hentry"],"_links":{"self":[{"href":"http:\/\/www.commercial-service.com\/index.php?rest_route=\/wp\/v2\/pages\/40","targetHints":{"allow":["GET"]}}],"collection":[{"href":"http:\/\/www.commercial-service.com\/index.php?rest_route=\/wp\/v2\/pages"}],"about":[{"href":"http:\/\/www.commercial-service.com\/index.php?rest_route=\/wp\/v2\/types\/page"}],"author":[{"embeddable":true,"href":"http:\/\/www.commercial-service.com\/index.php?rest_route=\/wp\/v2\/users\/3"}],"replies":[{"embeddable":true,"href":"http:\/\/www.commercial-service.com\/index.php?rest_route=%2Fwp%2Fv2%2Fcomments&post=40"}],"version-history":[{"count":5,"href":"http:\/\/www.commercial-service.com\/index.php?rest_route=\/wp\/v2\/pages\/40\/revisions"}],"predecessor-version":[{"id":172,"href":"http:\/\/www.commercial-service.com\/index.php?rest_route=\/wp\/v2\/pages\/40\/revisions\/172"}],"wp:attachment":[{"href":"http:\/\/www.commercial-service.com\/index.php?rest_route=%2Fwp%2Fv2%2Fmedia&parent=40"}],"curies":[{"name":"wp","href":"https:\/\/api.w.org\/{rel}","templated":true}]}}