 



 
 



 
{"id":29,"date":"2013-11-07T10:10:48","date_gmt":"2013-11-07T09:10:48","guid":{"rendered":"http:\/\/localhost\/cs\/?page_id=29"},"modified":"2013-12-12T12:19:25","modified_gmt":"2013-12-12T11:19:25","slug":"servizi","status":"publish","type":"page","link":"http:\/\/www.commercial-service.com\/?page_id=29","title":{"rendered":"SERVIZI"},"content":{"rendered":"<p>La presentazione dei documenti \u00e8 oggigiorno importantissima: un documento elegante e ben curato nell\u2019aspetto invita alla considerazione e d\u00e0 immagine di professionalit\u00e0 e seriet\u00e0 di chi lo presenta.<\/p>\n<p>La nostra azienda presente sul territorio dal 1994 si \u00e8 specializzata in tutti quei sistemi che vi aiuteranno ad ottenere questi obiettivi.<\/p>\n<p>Consultando le pagine del nostro sito, troverete una grande vetrina di prodotti e servizi per lo studente, la scuola, l\u2019industria e il commercio.<\/p>\n<p>Ad esempio: servizio di fotocopiatura self-service con abbonamenti convenienti e adatti a tutte le vostre esigenze, servizio di fotocopiatura\u00a0 del vostro materiale da parte del nostro personale, servizio di stampa\u00a0in b\/n e a colori, servizio di stampa grande formato da A\/2 ad A\/0, rilegature sia economiche\u00a0che pregiate per manuali, tesi di laurea ecc., plastificazione A\/4 e A\/3, biglietti da visita, carta intestata, volantini pubblicitari, realizzazione e stampa calendari, stampe personalizzate su magliette &#8211; cuscini e oggetti vari,\u00a0prodotti e servizi creati esclusivamente per le vostre esigenze.<\/p>\n<p>\u00a0<b>Commercial Service<\/b> mette a disposizione a studenti, professionisti, enti pubblici, aziende e commercianti, attrezzature moderne, efficienti e veloci ed uno staff in grado di soddisfare ogni vostra esigenza con la massima rapidit\u00e0, professionalit\u00e0, ottima qualit\u00e0 e prezzi competitivi.<\/p>\n<p>\u00a0<b>Commercial Service<\/b> studia per voi nuovi prodotti e servizi al passo con i tempi ed interpretando le vostre esigenze vi mette in condizione di presentare il vostro lavoro con la pi\u00f9 qualificata professionalit\u00e0.<\/p>\n<p>\u00a0<b>Commercial Service<\/b> grazie alla propria esperienza e professionalit\u00e0 \u00e8 in grado di offrire consulenza nella scelta delle soluzioni ideali, sull\u2019utilizzo dei prodotti e dei servizi per ottenere il massimo nella presentazione della vostra azienda.\u00a0\u00a0\u00a0\u00a0\u00a0\u00a0\u00a0\u00a0\u00a0\u00a0\u00a0\u00a0\u00a0\u00a0\u00a0\u00a0\u00a0\u00a0\u00a0\u00a0\u00a0\u00a0\u00a0<\/p>\n<p style=\"text-align: right;\"><i>\u00a0\u00a0\u00a0\u00a0\u00a0\u00a0\u00a0\u00a0\u00a0\u00a0\u00a0\u00a0\u00a0\u00a0\u00a0\u00a0\u00a0\u00a0\u00a0\u00a0\u00a0\u00a0\u00a0\u00a0\u00a0\u00a0\u00a0\u00a0\u00a0\u00a0\u00a0\u00a0\u00a0\u00a0\u00a0\u00a0\u00a0\u00a0\u00a0\u00a0\u00a0\u00a0\u00a0\u00a0\u00a0\u00a0\u00a0\u00a0\u00a0\u00a0\u00a0\u00a0\u00a0\u00a0\u00a0\u00a0\u00a0\u00a0\u00a0\u00a0\u00a0\u00a0\u00a0\u00a0\u00a0\u00a0\u00a0\u00a0\u00a0\u00a0\u00a0\u00a0\u00a0 <b>Commercial Service<\/b><\/i><\/p>\n","protected":false},"excerpt":{"rendered":"<p>La presentazione dei documenti \u00e8 oggigiorno importantissima: un documento elegante e ben curato nell\u2019aspetto invita alla considerazione e d\u00e0 immagine di professionalit\u00e0 e seriet\u00e0 di chi lo presenta. La nostra azienda presente sul territorio dal 1994 si \u00e8 specializzata in tutti quei sistemi che vi aiuteranno ad ottenere questi obiettivi. Consultando le pagine del nostro [&hellip;]<\/p>\n","protected":false},"author":3,"featured_media":0,"parent":0,"menu_order":0,"comment_status":"open","ping_status":"open","template":"","meta":{"footnotes":""},"class_list":["post-29","page","type-page","status-publish","hentry"],"_links":{"self":[{"href":"http:\/\/www.commercial-service.com\/index.php?rest_route=\/wp\/v2\/pages\/29","targetHints":{"allow":["GET"]}}],"collection":[{"href":"http:\/\/www.commercial-service.com\/index.php?rest_route=\/wp\/v2\/pages"}],"about":[{"href":"http:\/\/www.commercial-service.com\/index.php?rest_route=\/wp\/v2\/types\/page"}],"author":[{"embeddable":true,"href":"http:\/\/www.commercial-service.com\/index.php?rest_route=\/wp\/v2\/users\/3"}],"replies":[{"embeddable":true,"href":"http:\/\/www.commercial-service.com\/index.php?rest_route=%2Fwp%2Fv2%2Fcomments&post=29"}],"version-history":[{"count":3,"href":"http:\/\/www.commercial-service.com\/index.php?rest_route=\/wp\/v2\/pages\/29\/revisions"}],"predecessor-version":[{"id":208,"href":"http:\/\/www.commercial-service.com\/index.php?rest_route=\/wp\/v2\/pages\/29\/revisions\/208"}],"wp:attachment":[{"href":"http:\/\/www.commercial-service.com\/index.php?rest_route=%2Fwp%2Fv2%2Fmedia&parent=29"}],"curies":[{"name":"wp","href":"https:\/\/api.w.org\/{rel}","templated":true}]}}